{"id":11,"date":"2024-02-08T10:44:09","date_gmt":"2024-02-08T09:44:09","guid":{"rendered":"https:\/\/deichgezwitscher.de\/?page_id=11"},"modified":"2024-03-16T20:33:45","modified_gmt":"2024-03-16T19:33:45","slug":"wie-wir-arbeiten","status":"publish","type":"page","link":"https:\/\/deichgezwitscher.de\/?page_id=11","title":{"rendered":"Wie wir arbeiten"},"content":{"rendered":"\n<p>Der Leitgedanke der Genossenschaft ist ein funktionierendes und gelebtes Miteinander. Die essenziellen Voraussetzungen daf\u00fcr sind: sich in einer Gruppe  engagieren, Verantwortung und feste Aufgabe \u00fcbernehmen.<\/p>\n\n\n\n<p>Wir sind in Arbeitsgruppen organisiert, die sich unter anderem mit der Architektur, den Finanzen, der Kommunikation innerhalb der Gemeinschaft und der \u00d6ffentlichkeitsarbeit befassen. Auf diese Weise wollen wir die unterschiedlichen Ressourcen und vorhandenen Fachkompetenzen und Neigungen effizient nutzen. Durch diese Struktur sind wir in der Lage, Inhalte gezielt f\u00fcreinander aufzubereiten.  Entscheidungen werden im Plenum getroffen, das im Zweiwochen-Rhythmus stattfindet, selbst moderiert und protokolliert wird.<br><br>In unseren Arbeitszusammenh\u00e4ngen erproben wir den Umgang mit Konflikten ebenso wie das Finden und Schlie\u00dfen von Kompromissen. Hierf\u00fcr bedienen wir uns vorwiegend der Methode des systemischen Konsensierens. Des Weiteren st\u00e4rken wir unseren Gruppenzusammenhalt durch gemeinsame soziale Aktivit\u00e4ten, wie zum Beispiel Teilnahme am Georgswerder Stadteilfest oder einem gemeinsamen Wochenendausflug.<\/p>\n\n\n\n<figure class=\"wp-block-image size-large\"><img loading=\"lazy\" decoding=\"async\" width=\"968\" height=\"1024\" src=\"https:\/\/deichgezwitscher.de\/wp-content\/uploads\/2024\/02\/20230707_134522-968x1024.jpeg\" alt=\"\" class=\"wp-image-121\" srcset=\"https:\/\/deichgezwitscher.de\/wp-content\/uploads\/2024\/02\/20230707_134522-968x1024.jpeg 968w, https:\/\/deichgezwitscher.de\/wp-content\/uploads\/2024\/02\/20230707_134522-284x300.jpeg 284w, https:\/\/deichgezwitscher.de\/wp-content\/uploads\/2024\/02\/20230707_134522-768x812.jpeg 768w, https:\/\/deichgezwitscher.de\/wp-content\/uploads\/2024\/02\/20230707_134522.jpeg 1252w\" sizes=\"auto, (max-width: 968px) 100vw, 968px\" \/><\/figure>\n","protected":false},"excerpt":{"rendered":"<p>Der Leitgedanke der Genossenschaft ist ein funktionierendes und gelebtes Miteinander. Die essenziellen Voraussetzungen daf\u00fcr sind: sich in einer Gruppe engagieren, Verantwortung und feste Aufgabe \u00fcbernehmen. Wir sind in Arbeitsgruppen organisiert, die sich unter anderem mit der Architektur, den Finanzen, der Kommunikation innerhalb der Gemeinschaft und der \u00d6ffentlichkeitsarbeit befassen. Auf diese Weise wollen wir die unterschiedlichen [&hellip;]<\/p>\n","protected":false},"author":1,"featured_media":0,"parent":0,"menu_order":0,"comment_status":"closed","ping_status":"closed","template":"","meta":{"footnotes":""},"class_list":["post-11","page","type-page","status-publish","hentry"],"_links":{"self":[{"href":"https:\/\/deichgezwitscher.de\/index.php?rest_route=\/wp\/v2\/pages\/11","targetHints":{"allow":["GET"]}}],"collection":[{"href":"https:\/\/deichgezwitscher.de\/index.php?rest_route=\/wp\/v2\/pages"}],"about":[{"href":"https:\/\/deichgezwitscher.de\/index.php?rest_route=\/wp\/v2\/types\/page"}],"author":[{"embeddable":true,"href":"https:\/\/deichgezwitscher.de\/index.php?rest_route=\/wp\/v2\/users\/1"}],"replies":[{"embeddable":true,"href":"https:\/\/deichgezwitscher.de\/index.php?rest_route=%2Fwp%2Fv2%2Fcomments&post=11"}],"version-history":[{"count":4,"href":"https:\/\/deichgezwitscher.de\/index.php?rest_route=\/wp\/v2\/pages\/11\/revisions"}],"predecessor-version":[{"id":148,"href":"https:\/\/deichgezwitscher.de\/index.php?rest_route=\/wp\/v2\/pages\/11\/revisions\/148"}],"wp:attachment":[{"href":"https:\/\/deichgezwitscher.de\/index.php?rest_route=%2Fwp%2Fv2%2Fmedia&parent=11"}],"curies":[{"name":"wp","href":"https:\/\/api.w.org\/{rel}","templated":true}]}}