{"id":18,"date":"2024-02-08T10:53:47","date_gmt":"2024-02-08T09:53:47","guid":{"rendered":"https:\/\/deichgezwitscher.de\/?page_id=18"},"modified":"2025-12-16T21:38:18","modified_gmt":"2025-12-16T20:38:18","slug":"zahlen-und-fakten","status":"publish","type":"page","link":"https:\/\/deichgezwitscher.de\/?page_id=18","title":{"rendered":"Zahlen und Fakten"},"content":{"rendered":"\n<p><\/p>\n\n\n\n<p><\/p>\n\n\n\n<p><strong>2018&nbsp;<\/strong><\/p>\n\n\n\n<p>&#8211; Die Gruppe MiNa: \u201eMiteinander Nachhaltig\u201c gr\u00fcndet sich.<\/p>\n\n\n\n<p><strong>2019<\/strong><\/p>\n\n\n\n<p>&#8211;&nbsp;MiNa registriert sich bei der Agentur f\u00fcr Baugemeinschaften.<\/p>\n\n\n\n<p>&#8211; (erfolgslose) Interessensbekundung f\u00fcr ein nicht-st\u00e4dtisches Grundst\u00fcck&nbsp;<\/p>\n\n\n\n<p>&#8211; Fokussierung auf Georgswerder als Wohnort<\/p>\n\n\n\n<p>&#8211; Neustrukturierung der Gruppe und Anwerbung weiterer Mitglieder<\/p>\n\n\n\n<p><strong>2020<\/strong><\/p>\n\n\n\n<p>&#8211; Mai: Gr\u00fcndung des Vereins&nbsp;<strong>Deichgezwitscher e.V.<\/strong>, Eintragung ins Vereinsregister<\/p>\n\n\n\n<p>&#8211; Herbst: Umbenennung bei der Agentur f\u00fcr Baugemeinschaften von MiNa in Deichgezwitscher<\/p>\n\n\n\n<p><strong>2022<\/strong><\/p>\n\n\n\n<p>&#8211; Juni: Einreichung der Bewerbung auf das Baugemeinschaftsgrundst\u00fcck an der Rahmwerderstrasse<\/p>\n\n\n\n<p>&#8211; Juli: Vorstellung des Konzeptes bei der IBA im Bewerbungsgespr\u00e4ch<\/p>\n\n\n\n<p><strong>2023<\/strong><\/p>\n\n\n\n<p>&#8211; Januar:&nbsp;<strong>Anhandgabe des Grundst\u00fccks<\/strong>, Gr\u00fcndung der&nbsp;<strong>Deichgezwitscher GbR<\/strong><\/p>\n\n\n\n<p>&#8211; Oktober: Abschluss der Entwurfsplanung (LPh3)<\/p>\n\n\n\n<p>&#8211; Dezember: Abschluss der Genehmigungsplanung (LPh4)<\/p>\n\n\n\n<p>&#8211;&nbsp;weitere Mitglieder treten in die Gemeinschaft ein<\/p>\n\n\n\n<p><strong>2024<\/strong><\/p>\n\n\n\n<p>&#8211; Januar: <strong>Einreichung des Bauantrags<\/strong> &amp; Beginn der Ausf\u00fchrungsplanung<\/p>\n\n\n\n<p>&#8211; Dezember: Unterzeichnung Nutzungvertrag mit Schanze eG<\/p>\n\n\n\n<p><strong>2025<\/strong><\/p>\n\n\n\n<p>&#8211; Juli: Baugenehmigung erhalten<\/p>\n\n\n\n<p>&#8211; Dezember: Unterzeichnung Erbpachtvertrag<\/p>\n\n\n\n<p><\/p>\n\n\n\n<p><strong>Zeitplan<\/strong><\/p>\n\n\n\n<p>Mitte 2026: Baubeginn<\/p>\n\n\n\n<p>Mitte 2027: Fertigstellung\/Einzug<\/p>\n","protected":false},"excerpt":{"rendered":"<p>2018&nbsp; &#8211; Die Gruppe MiNa: \u201eMiteinander Nachhaltig\u201c gr\u00fcndet sich. 2019 &#8211;&nbsp;MiNa registriert sich bei der Agentur f\u00fcr Baugemeinschaften. &#8211; (erfolgslose) Interessensbekundung f\u00fcr ein nicht-st\u00e4dtisches Grundst\u00fcck&nbsp; &#8211; Fokussierung auf Georgswerder als Wohnort &#8211; Neustrukturierung der Gruppe und Anwerbung weiterer Mitglieder 2020 &#8211; Mai: Gr\u00fcndung des Vereins&nbsp;Deichgezwitscher e.V., Eintragung ins Vereinsregister &#8211; Herbst: Umbenennung bei der Agentur [&hellip;]<\/p>\n","protected":false},"author":1,"featured_media":0,"parent":7,"menu_order":0,"comment_status":"closed","ping_status":"closed","template":"","meta":{"footnotes":""},"class_list":["post-18","page","type-page","status-publish","hentry"],"_links":{"self":[{"href":"https:\/\/deichgezwitscher.de\/index.php?rest_route=\/wp\/v2\/pages\/18","targetHints":{"allow":["GET"]}}],"collection":[{"href":"https:\/\/deichgezwitscher.de\/index.php?rest_route=\/wp\/v2\/pages"}],"about":[{"href":"https:\/\/deichgezwitscher.de\/index.php?rest_route=\/wp\/v2\/types\/page"}],"author":[{"embeddable":true,"href":"https:\/\/deichgezwitscher.de\/index.php?rest_route=\/wp\/v2\/users\/1"}],"replies":[{"embeddable":true,"href":"https:\/\/deichgezwitscher.de\/index.php?rest_route=%2Fwp%2Fv2%2Fcomments&post=18"}],"version-history":[{"count":9,"href":"https:\/\/deichgezwitscher.de\/index.php?rest_route=\/wp\/v2\/pages\/18\/revisions"}],"predecessor-version":[{"id":209,"href":"https:\/\/deichgezwitscher.de\/index.php?rest_route=\/wp\/v2\/pages\/18\/revisions\/209"}],"up":[{"embeddable":true,"href":"https:\/\/deichgezwitscher.de\/index.php?rest_route=\/wp\/v2\/pages\/7"}],"wp:attachment":[{"href":"https:\/\/deichgezwitscher.de\/index.php?rest_route=%2Fwp%2Fv2%2Fmedia&parent=18"}],"curies":[{"name":"wp","href":"https:\/\/api.w.org\/{rel}","templated":true}]}}