{"id":20,"date":"2024-02-08T10:54:44","date_gmt":"2024-02-08T09:54:44","guid":{"rendered":"https:\/\/deichgezwitscher.de\/?page_id=20"},"modified":"2024-03-19T22:16:54","modified_gmt":"2024-03-19T21:16:54","slug":"der-ort","status":"publish","type":"page","link":"https:\/\/deichgezwitscher.de\/?page_id=20","title":{"rendered":"Der Ort"},"content":{"rendered":"\n<p>Im neu entstehenden<strong>&nbsp;Quartier \u201eGeorgswerder Kirchenwiese\u201c<\/strong>&nbsp;planen wir an der Rahmwerderstra\u00dfe unser genossenschaftliches Wohnprojekt f\u00fcr Jung und Alt, f\u00fcr Singles, Paare und Familien.&nbsp;<\/p>\n\n\n\n<p>Wir m\u00f6chten uns dort einen Wohnort schaffen, an dem Gemeinschaft nach innen und nach au\u00dfen gelebt wird. Die Hausstruktur soll das allt\u00e4gliche Miteinander f\u00f6rdern und erm\u00f6glichen.&nbsp;<\/p>\n\n\n\n<p>Wir stellen eine gr\u00f6\u00dfere Wohnung f\u00fcr vordringlich Wohnungssuchende Menschen &#8211; im Idealfall in Kooperation mit einem Tr\u00e4ger &#8211; f\u00fcr Menschen mit besonderen Bed\u00fcrfnissen zur Verf\u00fcgung und w\u00fcnschen uns deren Aufnahme in unser Gemeinschaftsleben.<br><br>Nach Au\u00dfen streben wir ein aktives Miteinander in der unmittelbaren Nachbarschaft in Georgswerder an. Dazu geh\u00f6ren zwei weitere Wohnprojekte auf den Nachbarbaufeldern sowie die unmittelbare Nachbarschaft in Georgswerder und der Elbinsel Wilhelmsburg.<\/p>\n\n\n\n<p>Nachhaltig wollen wir eine \u00f6kologische Ausrichtung, ein verschiedene Lebenssituationen \u00fcberdauerndes Miteinander und eine dauerhafte Schaffung von bezahlbarem Wohnraum erreichen.&nbsp;<\/p>\n\n\n\n<figure class=\"wp-block-gallery has-nested-images columns-default is-cropped wp-block-gallery-1 is-layout-flex wp-block-gallery-is-layout-flex\">\n<figure class=\"wp-block-image size-large\"><a href=\"https:\/\/deichgezwitscher.de\/wp-content\/uploads\/2024\/02\/1000022244-1-scaled.jpeg\"><img loading=\"lazy\" decoding=\"async\" width=\"1024\" height=\"768\" data-id=\"110\" src=\"https:\/\/deichgezwitscher.de\/wp-content\/uploads\/2024\/02\/1000022244-1-1024x768.jpeg\" alt=\"\" class=\"wp-image-110\" srcset=\"https:\/\/deichgezwitscher.de\/wp-content\/uploads\/2024\/02\/1000022244-1-1024x768.jpeg 1024w, https:\/\/deichgezwitscher.de\/wp-content\/uploads\/2024\/02\/1000022244-1-300x225.jpeg 300w, https:\/\/deichgezwitscher.de\/wp-content\/uploads\/2024\/02\/1000022244-1-768x576.jpeg 768w, https:\/\/deichgezwitscher.de\/wp-content\/uploads\/2024\/02\/1000022244-1-1536x1152.jpeg 1536w, https:\/\/deichgezwitscher.de\/wp-content\/uploads\/2024\/02\/1000022244-1-2048x1536.jpeg 2048w\" sizes=\"auto, (max-width: 1024px) 100vw, 1024px\" \/><\/a><\/figure>\n\n\n\n<figure class=\"wp-block-image size-large\"><a href=\"https:\/\/deichgezwitscher.de\/wp-content\/uploads\/2024\/02\/1000022236-scaled.jpeg\"><img loading=\"lazy\" decoding=\"async\" width=\"1024\" height=\"768\" data-id=\"109\" src=\"https:\/\/deichgezwitscher.de\/wp-content\/uploads\/2024\/02\/1000022236-1024x768.jpeg\" alt=\"\" class=\"wp-image-109\" srcset=\"https:\/\/deichgezwitscher.de\/wp-content\/uploads\/2024\/02\/1000022236-1024x768.jpeg 1024w, https:\/\/deichgezwitscher.de\/wp-content\/uploads\/2024\/02\/1000022236-300x225.jpeg 300w, https:\/\/deichgezwitscher.de\/wp-content\/uploads\/2024\/02\/1000022236-768x576.jpeg 768w, https:\/\/deichgezwitscher.de\/wp-content\/uploads\/2024\/02\/1000022236-1536x1152.jpeg 1536w, https:\/\/deichgezwitscher.de\/wp-content\/uploads\/2024\/02\/1000022236-2048x1536.jpeg 2048w\" sizes=\"auto, (max-width: 1024px) 100vw, 1024px\" \/><\/a><\/figure>\n\n\n\n<figure class=\"wp-block-image size-large\"><a href=\"https:\/\/deichgezwitscher.de\/wp-content\/uploads\/2024\/02\/1000022243-1-scaled.jpeg\"><img loading=\"lazy\" decoding=\"async\" width=\"1024\" height=\"768\" data-id=\"108\" src=\"https:\/\/deichgezwitscher.de\/wp-content\/uploads\/2024\/02\/1000022243-1-1024x768.jpeg\" alt=\"\" class=\"wp-image-108\" srcset=\"https:\/\/deichgezwitscher.de\/wp-content\/uploads\/2024\/02\/1000022243-1-1024x768.jpeg 1024w, https:\/\/deichgezwitscher.de\/wp-content\/uploads\/2024\/02\/1000022243-1-300x225.jpeg 300w, https:\/\/deichgezwitscher.de\/wp-content\/uploads\/2024\/02\/1000022243-1-768x576.jpeg 768w, https:\/\/deichgezwitscher.de\/wp-content\/uploads\/2024\/02\/1000022243-1-1536x1152.jpeg 1536w, https:\/\/deichgezwitscher.de\/wp-content\/uploads\/2024\/02\/1000022243-1-2048x1536.jpeg 2048w\" sizes=\"auto, (max-width: 1024px) 100vw, 1024px\" \/><\/a><\/figure>\n<\/figure>\n\n\n\n<figure class=\"wp-block-embed is-type-video is-provider-youtube wp-block-embed-youtube wp-embed-aspect-16-9 wp-has-aspect-ratio\"><div class=\"wp-block-embed__wrapper\">\n<iframe loading=\"lazy\" title=\"Q8 Georgswerder Film\" width=\"500\" height=\"281\" src=\"https:\/\/www.youtube.com\/embed\/_sR_dzU5d0c?start=2&#038;feature=oembed\" frameborder=\"0\" allow=\"accelerometer; autoplay; clipboard-write; encrypted-media; gyroscope; picture-in-picture; web-share\" referrerpolicy=\"strict-origin-when-cross-origin\" allowfullscreen><\/iframe>\n<\/div><figcaption class=\"wp-element-caption\">Dieser Film von <a href=\"https:\/\/www.q-acht.net\/\">Q8<\/a> gibt Einblicke in den Ortsteil Georgswerder<\/figcaption><\/figure>\n","protected":false},"excerpt":{"rendered":"<p>Im neu entstehenden&nbsp;Quartier \u201eGeorgswerder Kirchenwiese\u201c&nbsp;planen wir an der Rahmwerderstra\u00dfe unser genossenschaftliches Wohnprojekt f\u00fcr Jung und Alt, f\u00fcr Singles, Paare und Familien.&nbsp; Wir m\u00f6chten uns dort einen Wohnort schaffen, an dem Gemeinschaft nach innen und nach au\u00dfen gelebt wird. Die Hausstruktur soll das allt\u00e4gliche Miteinander f\u00f6rdern und erm\u00f6glichen.&nbsp; Wir stellen eine gr\u00f6\u00dfere Wohnung f\u00fcr vordringlich Wohnungssuchende [&hellip;]<\/p>\n","protected":false},"author":1,"featured_media":0,"parent":9,"menu_order":0,"comment_status":"closed","ping_status":"closed","template":"","meta":{"footnotes":""},"class_list":["post-20","page","type-page","status-publish","hentry"],"_links":{"self":[{"href":"https:\/\/deichgezwitscher.de\/index.php?rest_route=\/wp\/v2\/pages\/20","targetHints":{"allow":["GET"]}}],"collection":[{"href":"https:\/\/deichgezwitscher.de\/index.php?rest_route=\/wp\/v2\/pages"}],"about":[{"href":"https:\/\/deichgezwitscher.de\/index.php?rest_route=\/wp\/v2\/types\/page"}],"author":[{"embeddable":true,"href":"https:\/\/deichgezwitscher.de\/index.php?rest_route=\/wp\/v2\/users\/1"}],"replies":[{"embeddable":true,"href":"https:\/\/deichgezwitscher.de\/index.php?rest_route=%2Fwp%2Fv2%2Fcomments&post=20"}],"version-history":[{"count":8,"href":"https:\/\/deichgezwitscher.de\/index.php?rest_route=\/wp\/v2\/pages\/20\/revisions"}],"predecessor-version":[{"id":159,"href":"https:\/\/deichgezwitscher.de\/index.php?rest_route=\/wp\/v2\/pages\/20\/revisions\/159"}],"up":[{"embeddable":true,"href":"https:\/\/deichgezwitscher.de\/index.php?rest_route=\/wp\/v2\/pages\/9"}],"wp:attachment":[{"href":"https:\/\/deichgezwitscher.de\/index.php?rest_route=%2Fwp%2Fv2%2Fmedia&parent=20"}],"curies":[{"name":"wp","href":"https:\/\/api.w.org\/{rel}","templated":true}]}}