{"id":25,"date":"2024-02-08T10:58:19","date_gmt":"2024-02-08T09:58:19","guid":{"rendered":"https:\/\/deichgezwitscher.de\/?page_id=25"},"modified":"2024-09-26T22:59:53","modified_gmt":"2024-09-26T20:59:53","slug":"die-genossenschaft","status":"publish","type":"page","link":"https:\/\/deichgezwitscher.de\/?page_id=25","title":{"rendered":"Die Genossenschaft"},"content":{"rendered":"\n<p>M\u00f6glich ist das Wohnen in unserem Projekt durch die Struktur der<strong>&nbsp;Genossenschaft<\/strong>.<br>F\u00fcr die Planungsphase ist die&nbsp;<strong>Deichgezwitscher GbR&nbsp;<\/strong>gegr\u00fcndet worden.&nbsp;<br>Wir m\u00f6chten als gef\u00f6rderte Kleingenossenschaft unter dem Dach der Schanze eG. und im gemeinschaftlichen Eigentum bauen.<\/p>\n\n\n\n<p><br>Wer als f\u00f6rderf\u00e4hige Bewohner:in in die Rahmwerderstra\u00dfe einziehen m\u00f6chte, zahlt einen Genossenschaftsanteil ein. Die Mietkosten bewegen sich weit unter dem orts\u00fcblichen Preis. Niemand kauft seine Wohnung, jede:r hat jedoch ein lebenslanges Wohnrecht.&nbsp;<br>Zieht man aus, erh\u00e4lt man den Genossenschaftsanteil zur\u00fcck.<\/p>\n\n\n\n<p><br>Zur Zeit betr\u00e4gt der Genossenschaftsanteil 615 \u20ac\/m\u00b2 (Stand September 2024).<\/p>\n\n\n\n<p><br><strong>Aufgrund der F\u00f6rderrahmenbedingungen suchen wir nur Mitglieder der Fallgruppen 1 bis 3.<\/strong><\/p>\n\n\n\n<p>Beispiele zu den zuk\u00fcnftigen Mietpreisen: <br>f\u00fcr Fallgruppe 1 = 7,10 \u20ac\/m\u00b2, <br>f\u00fcr Fallgruppe 2 = 9,20 \u20ac\/m\u00b2,<br>f\u00fcr Fallgruppe 3 = 12,10 \u20ac\/m\u00b2.<\/p>\n\n\n\n<p><\/p>\n","protected":false},"excerpt":{"rendered":"<p>M\u00f6glich ist das Wohnen in unserem Projekt durch die Struktur der&nbsp;Genossenschaft.F\u00fcr die Planungsphase ist die&nbsp;Deichgezwitscher GbR&nbsp;gegr\u00fcndet worden.&nbsp;Wir m\u00f6chten als gef\u00f6rderte Kleingenossenschaft unter dem Dach der Schanze eG. und im gemeinschaftlichen Eigentum bauen. Wer als f\u00f6rderf\u00e4hige Bewohner:in in die Rahmwerderstra\u00dfe einziehen m\u00f6chte, zahlt einen Genossenschaftsanteil ein. Die Mietkosten bewegen sich weit unter dem orts\u00fcblichen Preis. Niemand [&hellip;]<\/p>\n","protected":false},"author":1,"featured_media":0,"parent":9,"menu_order":0,"comment_status":"closed","ping_status":"closed","template":"","meta":{"footnotes":""},"class_list":["post-25","page","type-page","status-publish","hentry"],"_links":{"self":[{"href":"https:\/\/deichgezwitscher.de\/index.php?rest_route=\/wp\/v2\/pages\/25","targetHints":{"allow":["GET"]}}],"collection":[{"href":"https:\/\/deichgezwitscher.de\/index.php?rest_route=\/wp\/v2\/pages"}],"about":[{"href":"https:\/\/deichgezwitscher.de\/index.php?rest_route=\/wp\/v2\/types\/page"}],"author":[{"embeddable":true,"href":"https:\/\/deichgezwitscher.de\/index.php?rest_route=\/wp\/v2\/users\/1"}],"replies":[{"embeddable":true,"href":"https:\/\/deichgezwitscher.de\/index.php?rest_route=%2Fwp%2Fv2%2Fcomments&post=25"}],"version-history":[{"count":6,"href":"https:\/\/deichgezwitscher.de\/index.php?rest_route=\/wp\/v2\/pages\/25\/revisions"}],"predecessor-version":[{"id":176,"href":"https:\/\/deichgezwitscher.de\/index.php?rest_route=\/wp\/v2\/pages\/25\/revisions\/176"}],"up":[{"embeddable":true,"href":"https:\/\/deichgezwitscher.de\/index.php?rest_route=\/wp\/v2\/pages\/9"}],"wp:attachment":[{"href":"https:\/\/deichgezwitscher.de\/index.php?rest_route=%2Fwp%2Fv2%2Fmedia&parent=25"}],"curies":[{"name":"wp","href":"https:\/\/api.w.org\/{rel}","templated":true}]}}