{"id":7,"date":"2024-02-08T10:41:32","date_gmt":"2024-02-08T09:41:32","guid":{"rendered":"https:\/\/deichgezwitscher.de\/?page_id=7"},"modified":"2025-12-16T21:46:11","modified_gmt":"2025-12-16T20:46:11","slug":"was-wir-planen","status":"publish","type":"page","link":"https:\/\/deichgezwitscher.de\/?page_id=7","title":{"rendered":"Was wir planen"},"content":{"rendered":"\n<div class=\"wp-block-group alignfull has-accent-background-color has-background has-global-padding is-layout-constrained wp-container-core-group-is-layout-669513ed wp-block-group-is-layout-constrained\" style=\"margin-top:0;margin-bottom:0;padding-top:var(--wp--preset--spacing--50);padding-right:var(--wp--preset--spacing--50);padding-bottom:var(--wp--preset--spacing--50);padding-left:var(--wp--preset--spacing--50)\">\n<figure class=\"wp-block-image size-large\"><img loading=\"lazy\" decoding=\"async\" width=\"1024\" height=\"336\" src=\"https:\/\/deichgezwitscher.de\/wp-content\/uploads\/2024\/02\/7eb9049e-f6d4-4a6f-b921-5c88f88665c3-1024x336.jpg\" alt=\"\" class=\"wp-image-117\" srcset=\"https:\/\/deichgezwitscher.de\/wp-content\/uploads\/2024\/02\/7eb9049e-f6d4-4a6f-b921-5c88f88665c3-1024x336.jpg 1024w, https:\/\/deichgezwitscher.de\/wp-content\/uploads\/2024\/02\/7eb9049e-f6d4-4a6f-b921-5c88f88665c3-300x98.jpg 300w, https:\/\/deichgezwitscher.de\/wp-content\/uploads\/2024\/02\/7eb9049e-f6d4-4a6f-b921-5c88f88665c3-768x252.jpg 768w, https:\/\/deichgezwitscher.de\/wp-content\/uploads\/2024\/02\/7eb9049e-f6d4-4a6f-b921-5c88f88665c3.jpg 1280w\" sizes=\"auto, (max-width: 1024px) 100vw, 1024px\" \/><\/figure>\n\n\n\n<p class=\"has-text-align-left has-heading-font-family has-large-font-size\" style=\"line-height:1.2\">Wir planen zwei dreist\u00f6ckige Mehrfamilienh\u00e4user <br>mit 20 abgeschlossenen Wohneinheiten in unterschiedlichen Gr\u00f6\u00dfen <br>und mit Gemeinschaftsfl\u00e4chen in Haus und Garten.<\/p>\n<\/div>\n\n\n\n<div class=\"wp-block-group alignfull has-custom-salbei-gr-n-background-color has-background has-global-padding is-layout-constrained wp-container-core-group-is-layout-d89aad35 wp-block-group-is-layout-constrained\" style=\"margin-top:0;margin-bottom:0;padding-top:var(--wp--preset--spacing--50);padding-right:var(--wp--preset--spacing--50);padding-bottom:var(--wp--preset--spacing--50);padding-left:var(--wp--preset--spacing--50)\">\n<p>Die eingesetzten Baumaterialien sollen m\u00f6glichst wohngesund und recycelbar sein. Die H\u00e4user werden als Holzkonstruktion mit Holzfassaden im KfW-40-Energieffizienzhaus-Standard errichtet, dessen technische Ausr\u00fcstung mit einer Kombination aus Erd- und Abluft-W\u00e4rmepumpe mit ausreichendem thermischem Speicher und einer Photovoltaik Anlage erg\u00e4nzt werden soll. Hiermit wollen wir einen Beitrag zur netzdienlichen Flexibilit\u00e4t zuk\u00fcnftiger Energieversorgungsnetze leisten. Dem Gr\u00fcnerhalt im Stadtteil sowie der Regenwasserretention dienend, werden die Au\u00dfenfl\u00e4chen so wenig wie m\u00f6glich versiegelt und Lebensr\u00e4ume f\u00fcr Insekten und Kleinstlebewesen geschaffen.<\/p>\n\n\n\n<p>Wir bauen entsprechend den F\u00f6rderrichtlinien f\u00fcr Baugemeinschaften mit genossenschaftlichem Eigentum der IFB Hamburg. So k\u00f6nnen wir Haushalten mit wenig Einkommen \u00fcber die \u00f6ffentlichen Mietf\u00f6rderung langfristig bezahlbaren Wohnraum zur Verf\u00fcgung stellen. Die Wohnungsgr\u00f6\u00dfen richten sich nach den IFB-F\u00f6rderkriterien. Beide Mehrfamilienh\u00e4user werden barrierefrei erreichbar sein und im barrierereduzierten Standard gebaut, f\u00fcnf Wohnungen werden barrierefrei errichtet.<\/p>\n\n\n\n<p>Als planendes Architekturb\u00fcro haben wir uns f\u00fcr&nbsp;<strong>Spine Architects GmbH&nbsp;<\/strong>entschieden. Das Architektenb\u00fcro hat uns mit ihren Erfahrungen mit Baugemeinschaften in Holzbau \u00fcberzeugt und kommt unserem Anspruch auf \u00f6kologische und gestalterische Ausrichtung nach.&nbsp;<strong>Stattbau Hamburg<\/strong>&nbsp;begleitet unser Projekt als Baubetreuerin.&nbsp;<\/p>\n\n\n\n<p><strong><em>Aktuell ist noch 1 Wohnung f\u00fcr Familien mit 4-Personen bzw. Alleinerziehende mit 2 Kindern frei<\/em><\/strong><\/p>\n\n\n\n<div class=\"wp-block-group has-global-padding is-layout-constrained wp-block-group-is-layout-constrained\">\n<div class=\"wp-block-columns is-layout-flex wp-container-core-columns-is-layout-28f84493 wp-block-columns-is-layout-flex\"><\/div>\n<\/div>\n\n\n\n<div class=\"wp-block-buttons is-layout-flex wp-block-buttons-is-layout-flex\">\n<div class=\"wp-block-button\"><a class=\"wp-block-button__link wp-element-button\" href=\"https:\/\/deichgezwitscher.de\/?page_id=18\">Zahlen und Fakten<\/a><\/div>\n<\/div>\n\n\n\n<div class=\"wp-block-columns alignwide is-layout-flex wp-container-core-columns-is-layout-549b0c86 wp-block-columns-is-layout-flex\">\n<div class=\"wp-block-column is-layout-flow wp-block-column-is-layout-flow\" style=\"flex-basis:33.33%\"><\/div>\n\n\n\n<div class=\"wp-block-column is-layout-flow wp-block-column-is-layout-flow\">\n<div class=\"wp-block-buttons is-layout-flex wp-block-buttons-is-layout-flex\"><\/div>\n<\/div>\n\n\n\n<div class=\"wp-block-column is-layout-flow wp-block-column-is-layout-flow\" style=\"flex-basis:66.66%\"><\/div>\n<\/div>\n<\/div>\n","protected":false},"excerpt":{"rendered":"<p>Wir planen zwei dreist\u00f6ckige Mehrfamilienh\u00e4user mit 20 abgeschlossenen Wohneinheiten in unterschiedlichen Gr\u00f6\u00dfen und mit Gemeinschaftsfl\u00e4chen in Haus und Garten. Die eingesetzten Baumaterialien sollen m\u00f6glichst wohngesund und recycelbar sein. Die H\u00e4user werden als Holzkonstruktion mit Holzfassaden im KfW-40-Energieffizienzhaus-Standard errichtet, dessen technische Ausr\u00fcstung mit einer Kombination aus Erd- und Abluft-W\u00e4rmepumpe mit ausreichendem thermischem Speicher und einer Photovoltaik [&hellip;]<\/p>\n","protected":false},"author":1,"featured_media":0,"parent":0,"menu_order":0,"comment_status":"closed","ping_status":"closed","template":"","meta":{"footnotes":""},"class_list":["post-7","page","type-page","status-publish","hentry"],"_links":{"self":[{"href":"https:\/\/deichgezwitscher.de\/index.php?rest_route=\/wp\/v2\/pages\/7","targetHints":{"allow":["GET"]}}],"collection":[{"href":"https:\/\/deichgezwitscher.de\/index.php?rest_route=\/wp\/v2\/pages"}],"about":[{"href":"https:\/\/deichgezwitscher.de\/index.php?rest_route=\/wp\/v2\/types\/page"}],"author":[{"embeddable":true,"href":"https:\/\/deichgezwitscher.de\/index.php?rest_route=\/wp\/v2\/users\/1"}],"replies":[{"embeddable":true,"href":"https:\/\/deichgezwitscher.de\/index.php?rest_route=%2Fwp%2Fv2%2Fcomments&post=7"}],"version-history":[{"count":11,"href":"https:\/\/deichgezwitscher.de\/index.php?rest_route=\/wp\/v2\/pages\/7\/revisions"}],"predecessor-version":[{"id":211,"href":"https:\/\/deichgezwitscher.de\/index.php?rest_route=\/wp\/v2\/pages\/7\/revisions\/211"}],"wp:attachment":[{"href":"https:\/\/deichgezwitscher.de\/index.php?rest_route=%2Fwp%2Fv2%2Fmedia&parent=7"}],"curies":[{"name":"wp","href":"https:\/\/api.w.org\/{rel}","templated":true}]}}